{"id":2330,"date":"2023-08-01T00:41:32","date_gmt":"2023-08-01T03:41:32","guid":{"rendered":"https:\/\/unmaze.com.br\/?page_id=2330"},"modified":"2023-08-02T23:51:08","modified_gmt":"2023-08-03T02:51:08","slug":"indique","status":"publish","type":"page","link":"https:\/\/unmaze.com.br\/es\/indique\/","title":{"rendered":"Recomendar"},"content":{"rendered":"\t\t<div data-elementor-type=\"wp-page\" data-elementor-id=\"2330\" class=\"elementor elementor-2330\" data-elementor-post-type=\"page\">\n\t\t\t\t<div class=\"elementor-element elementor-element-19c19a7 e-flex e-con-boxed wpr-particle-no wpr-jarallax-no wpr-parallax-no wpr-sticky-section-no e-con e-parent\" data-id=\"19c19a7\" data-element_type=\"container\" data-e-type=\"container\" data-settings=\"{&quot;background_background&quot;:&quot;classic&quot;}\">\n\t\t\t\t\t<div class=\"e-con-inner\">\n\t\t\t\t<div class=\"elementor-element elementor-element-cf0b8a4 elementor-widget elementor-widget-image-box\" data-id=\"cf0b8a4\" data-element_type=\"widget\" data-e-type=\"widget\" data-widget_type=\"image-box.default\">\n\t\t\t\t<div class=\"elementor-widget-container\">\n\t\t\t\t\t<div class=\"elementor-image-box-wrapper\"><div class=\"elementor-image-box-content\"><h3 class=\"elementor-image-box-title\">\u201cA minha empresa \u00e9 parceira e eu aproveito demais o benef\u00edcio\u201d<\/h3><p class=\"elementor-image-box-description\">Lais Domiciano, Customer Experience no Nubank<\/p><\/div><\/div>\t\t\t\t<\/div>\n\t\t\t\t<\/div>\n\t\t\t\t<div class=\"elementor-element elementor-element-00446f2 elementor-widget elementor-widget-image\" data-id=\"00446f2\" data-element_type=\"widget\" data-e-type=\"widget\" data-widget_type=\"image.default\">\n\t\t\t\t<div class=\"elementor-widget-container\">\n\t\t\t\t\t\t\t\t\t\t\t\t\t\t\t<img decoding=\"async\" width=\"300\" height=\"163\" src=\"https:\/\/unmaze.com.br\/wp-content\/uploads\/2023\/08\/Copy-of-Nu-logo_Master-Purple-300x163.png\" class=\"attachment-medium size-medium wp-image-2340\" alt=\"\" srcset=\"https:\/\/unmaze.com.br\/wp-content\/uploads\/2023\/08\/Copy-of-Nu-logo_Master-Purple-300x163.png 300w, https:\/\/unmaze.com.br\/wp-content\/uploads\/2023\/08\/Copy-of-Nu-logo_Master-Purple-1024x557.png 1024w, https:\/\/unmaze.com.br\/wp-content\/uploads\/2023\/08\/Copy-of-Nu-logo_Master-Purple-768x418.png 768w, https:\/\/unmaze.com.br\/wp-content\/uploads\/2023\/08\/Copy-of-Nu-logo_Master-Purple-1536x836.png 1536w, https:\/\/unmaze.com.br\/wp-content\/uploads\/2023\/08\/Copy-of-Nu-logo_Master-Purple-18x10.png 18w, https:\/\/unmaze.com.br\/wp-content\/uploads\/2023\/08\/Copy-of-Nu-logo_Master-Purple.png 1722w\" sizes=\"(max-width: 300px) 100vw, 300px\" \/>\t\t\t\t\t\t\t\t\t\t\t\t\t\t\t<\/div>\n\t\t\t\t<\/div>\n\t\t\t\t<div class=\"elementor-element elementor-element-888439d elementor-widget elementor-widget-heading\" data-id=\"888439d\" data-element_type=\"widget\" data-e-type=\"widget\" data-widget_type=\"heading.default\">\n\t\t\t\t<div class=\"elementor-widget-container\">\n\t\t\t\t\t<h2 class=\"elementor-heading-title elementor-size-default\">Traremos esse benef\u00edcio at\u00e9 voc\u00ea<\/h2>\t\t\t\t<\/div>\n\t\t\t\t<\/div>\n\t\t\t\t<div class=\"elementor-element elementor-element-8ddbee0 elementor-widget elementor-widget-text-editor\" data-id=\"8ddbee0\" data-element_type=\"widget\" data-e-type=\"widget\" data-widget_type=\"text-editor.default\">\n\t\t\t\t<div class=\"elementor-widget-container\">\n\t\t\t\t\t\t\t\t\t<p>Preencha os campos abaixo, e daremos o nosso melhor para que sua empresa seja parceira<\/p>\t\t\t\t\t\t\t\t<\/div>\n\t\t\t\t<\/div>\n\t\t\t\t<div class=\"elementor-element elementor-element-b757107 elementor-widget elementor-widget-shortcode\" data-id=\"b757107\" data-element_type=\"widget\" data-e-type=\"widget\" data-widget_type=\"shortcode.default\">\n\t\t\t\t<div class=\"elementor-widget-container\">\n\t\t\t\t\t\t\t<div class=\"elementor-shortcode\"><\/div>\n\t\t\t\t\t\t<\/div>\n\t\t\t\t<\/div>\n\t\t\t\t<div class=\"elementor-element elementor-element-73b4980 elementor-widget elementor-widget-wpforms\" data-id=\"73b4980\" data-element_type=\"widget\" data-e-type=\"widget\" data-widget_type=\"wpforms.default\">\n\t\t\t\t<div class=\"elementor-widget-container\">\n\t\t\t\t\t<style id=\"wpforms-css-vars-root\">\n\t\t\t\t:root {\n\t\t\t\t\t--wpforms-field-border-radius: 3px;\n--wpforms-field-background-color: #ffffff;\n--wpforms-field-border-color: rgba( 0, 0, 0, 0.25 );\n--wpforms-field-text-color: rgba( 0, 0, 0, 0.7 );\n--wpforms-label-color: rgba( 0, 0, 0, 0.85 );\n--wpforms-label-sublabel-color: rgba( 0, 0, 0, 0.55 );\n--wpforms-label-error-color: #d63637;\n--wpforms-button-border-radius: 3px;\n--wpforms-button-background-color: #066aab;\n--wpforms-button-text-color: #ffffff;\n--wpforms-field-size-input-height: 43px;\n--wpforms-field-size-input-spacing: 15px;\n--wpforms-field-size-font-size: 16px;\n--wpforms-field-size-line-height: 19px;\n--wpforms-field-size-padding-h: 14px;\n--wpforms-field-size-checkbox-size: 16px;\n--wpforms-field-size-sublabel-spacing: 5px;\n--wpforms-field-size-icon-size: 1;\n--wpforms-label-size-font-size: 16px;\n--wpforms-label-size-line-height: 19px;\n--wpforms-label-size-sublabel-font-size: 14px;\n--wpforms-label-size-sublabel-line-height: 17px;\n--wpforms-button-size-font-size: 17px;\n--wpforms-button-size-height: 41px;\n--wpforms-button-size-padding-h: 15px;\n--wpforms-button-size-margin-top: 10px;\n\n\t\t\t\t}\n\t\t\t<\/style><div class=\"wpforms-container wpforms-container-full wpforms-render-modern\" id=\"wpforms-2334\"><form id=\"wpforms-form-2334\" class=\"wpforms-validate wpforms-form wpforms-ajax-form\" data-formid=\"2334\" method=\"post\" enctype=\"multipart\/form-data\" action=\"\/es\/wp-json\/wp\/v2\/pages\/2330\" data-token=\"b2adca0432384f1deb265339288d2fe9\"><noscript class=\"wpforms-error-noscript\">Por favor, activa JavaScript en tu navegador para completar este formulario.<\/noscript><div class=\"wpforms-hidden\" id=\"wpforms-error-noscript\">Por favor, activa JavaScript en tu navegador para completar este formulario.<\/div><div class=\"wpforms-field-container\"><div id=\"wpforms-2334-field_3-container\" class=\"wpforms-field wpforms-field-email\" data-field-id=\"3\"><label class=\"wpforms-field-label\" for=\"wpforms-2334-field_3\">Qual o e-mail da pessoa do RH? <span class=\"wpforms-required-label\" aria-hidden=\"true\">*<\/span><\/label><input type=\"email\" id=\"wpforms-2334-field_3\" class=\"wpforms-field-medium wpforms-field-required\" name=\"wpforms[fields][3]\" placeholder=\"E-mail \" spellcheck=\"false\" aria-errormessage=\"wpforms-2334-field_3-error\" required><\/div><div id=\"wpforms-2334-field_4-container\" class=\"wpforms-field wpforms-field-text\" data-field-id=\"4\"><label class=\"wpforms-field-label\" for=\"wpforms-2334-field_4\">Qual o nome da empresa que voc\u00ea trabalha? <span class=\"wpforms-required-label\" aria-hidden=\"true\">*<\/span><\/label><input type=\"text\" id=\"wpforms-2334-field_4\" class=\"wpforms-field-medium wpforms-field-required\" name=\"wpforms[fields][4]\" placeholder=\"Nome da Empresa\" aria-errormessage=\"wpforms-2334-field_4-error\" aria-describedby=\"wpforms-2334-field_4-description\" required><div id=\"wpforms-2334-field_4-description\" class=\"wpforms-field-description\">Pode informar o nome ou colocar o link do site<\/div><\/div><div id=\"wpforms-2334-field_1-container\" class=\"wpforms-field wpforms-field-text\" data-field-id=\"1\"><label class=\"wpforms-field-label\" for=\"wpforms-2334-field_1\">Qual o nome da pessoa do RH? (opcional)<\/label><input type=\"text\" id=\"wpforms-2334-field_1\" class=\"wpforms-field-medium\" name=\"wpforms[fields][1]\" placeholder=\"Insira o nome\" aria-errormessage=\"wpforms-2334-field_1-error\" aria-describedby=\"wpforms-2334-field_1-description\" ><div id=\"wpforms-2334-field_1-description\" class=\"wpforms-field-description\">Com quem devemos falar para levar o benef\u00edcio at\u00e9 voc\u00ea?<\/div><\/div><div id=\"wpforms-2334-field_8-container\" class=\"wpforms-field wpforms-field-text\" data-field-id=\"8\"><label class=\"wpforms-field-label\" for=\"wpforms-2334-field_8\">Seu nome e cargo (opcional)<\/label><input type=\"text\" id=\"wpforms-2334-field_8\" class=\"wpforms-field-medium\" name=\"wpforms[fields][8]\" placeholder=\"Ex: Let\u00edcia - Marketing\" aria-errormessage=\"wpforms-2334-field_8-error\" ><\/div><div id=\"wpforms-2334-field_7-container\" class=\"wpforms-field wpforms-field-text\" data-field-id=\"7\"><label class=\"wpforms-field-label\" for=\"wpforms-2334-field_7\">Seu WhatsApp (opcional)<\/label><input type=\"text\" id=\"wpforms-2334-field_7\" class=\"wpforms-field-medium\" name=\"wpforms[fields][7]\" aria-errormessage=\"wpforms-2334-field_7-error\" aria-describedby=\"wpforms-2334-field_7-description\" ><div id=\"wpforms-2334-field_7-description\" class=\"wpforms-field-description\">Isso nos ajuda a tirar alguma d\u00favida pontual se necess\u00e1rio<\/div><\/div><\/div><!-- .wpforms-field-container --><div class=\"wpforms-submit-container\" ><input type=\"hidden\" name=\"wpforms[id]\" value=\"2334\"><input type=\"hidden\" name=\"wpforms[author]\" value=\"3\"><button type=\"submit\" name=\"wpforms[submit]\" id=\"wpforms-submit-2334\" class=\"wpforms-submit\" data-alt-text=\"Enviando\u2026\" data-submit-text=\"Enviar\" aria-live=\"assertive\" value=\"wpforms-submit\">Enviar<\/button><img decoding=\"async\" src=\"https:\/\/unmaze.com.br\/wp-content\/plugins\/wpforms\/assets\/images\/submit-spin.svg\" class=\"wpforms-submit-spinner\" style=\"display: none;\" width=\"26\" height=\"26\" alt=\"Cargando\"><\/div><\/form><\/div>  <!-- .wpforms-container -->\t\t\t\t<\/div>\n\t\t\t\t<\/div>\n\t\t\t\t\t<\/div>\n\t\t\t\t<\/div>\n\t\t\t\t<\/div>\n\t\t","protected":false},"excerpt":{"rendered":"<p>\"Mi empresa es partner y disfruto demasiado del beneficio\" Lais Domiciano, Customer Experience en Nubank Te acercamos este beneficio Rellena los campos que aparecen a continuaci\u00f3n, y haremos todo lo posible para que tu empresa sea partner<\/p>","protected":false},"author":3,"featured_media":0,"parent":0,"menu_order":0,"comment_status":"closed","ping_status":"closed","template":"elementor_header_footer","meta":{"footnotes":""},"class_list":["post-2330","page","type-page","status-publish","hentry"],"_links":{"self":[{"href":"https:\/\/unmaze.com.br\/es\/wp-json\/wp\/v2\/pages\/2330","targetHints":{"allow":["GET"]}}],"collection":[{"href":"https:\/\/unmaze.com.br\/es\/wp-json\/wp\/v2\/pages"}],"about":[{"href":"https:\/\/unmaze.com.br\/es\/wp-json\/wp\/v2\/types\/page"}],"author":[{"embeddable":true,"href":"https:\/\/unmaze.com.br\/es\/wp-json\/wp\/v2\/users\/3"}],"replies":[{"embeddable":true,"href":"https:\/\/unmaze.com.br\/es\/wp-json\/wp\/v2\/comments?post=2330"}],"version-history":[{"count":0,"href":"https:\/\/unmaze.com.br\/es\/wp-json\/wp\/v2\/pages\/2330\/revisions"}],"wp:attachment":[{"href":"https:\/\/unmaze.com.br\/es\/wp-json\/wp\/v2\/media?parent=2330"}],"curies":[{"name":"wp","href":"https:\/\/api.w.org\/{rel}","templated":true}]}}